{"id":2822,"date":"2016-06-14T07:09:12","date_gmt":"2016-06-14T05:09:12","guid":{"rendered":"http:\/\/nixe-demo1.rtthemes.com\/?page_id=2822"},"modified":"2023-04-18T14:22:42","modified_gmt":"2023-04-18T12:22:42","slug":"histoire-mielmont","status":"publish","type":"page","link":"https:\/\/www.mielmont.be\/index.php\/histoire-mielmont\/","title":{"rendered":"Histoire"},"content":{"rendered":"<p>[vc_row rt_row_background_width=\u00a0\u00bbfullwidth\u00a0\u00bb rt_row_content_width=\u00a0\u00bbfullwidth\u00a0\u00bb rt_row_style=\u00a0\u00bblight-style\u00a0\u00bb rt_row_height=\u00a0\u00bbmin_height\u00a0\u00bb rt_holder_placement=\u00a0\u00bbbottom\u00a0\u00bb rt_row_borders=\u00a0\u00bb\u00a0\u00bb rt_row_shadows=\u00a0\u00bb\u00a0\u00bb rt_column_gaps=\u00a0\u00bb\u00a0\u00bb rt_row_paddings=\u00a0\u00bbfalse\u00a0\u00bb rt_bg_effect=\u00a0\u00bbparallax\u00a0\u00bb rt_bg_parallax_effect=\u00a0\u00bb3&Prime; rt_transparent_bg=\u00a0\u00bb\u00a0\u00bb rt_bg_image_repeat=\u00a0\u00bbno-repeat\u00a0\u00bb rt_bg_size=\u00a0\u00bbcover\u00a0\u00bb rt_bg_position=\u00a0\u00bbright center\u00a0\u00bb rt_bg_video_format=\u00a0\u00bbself-hosted\u00a0\u00bb rt_bg_image=\u00a0\u00bb3683&Prime; rt_min_row_height=\u00a0\u00bb700&Prime;][vc_column width=\u00a0\u00bb1\/2&Prime; rt_col_paddings=\u00a0\u00bbtrue\u00a0\u00bb rt_wrp_col_paddings=\u00a0\u00bbfalse\u00a0\u00bb rt_column_shadow=\u00a0\u00bb\u00a0\u00bb rt_border_top=\u00a0\u00bb\u00a0\u00bb rt_border_bottom=\u00a0\u00bb\u00a0\u00bb rt_border_left=\u00a0\u00bb\u00a0\u00bb rt_border_right=\u00a0\u00bb\u00a0\u00bb rt_border_top_mobile=\u00a0\u00bb\u00a0\u00bb rt_border_bottom_mobile=\u00a0\u00bb\u00a0\u00bb rt_border_left_mobile=\u00a0\u00bb\u00a0\u00bb rt_border_right_mobile=\u00a0\u00bb\u00a0\u00bb rt_bg_image_repeat=\u00a0\u00bbrepeat\u00a0\u00bb rt_bg_size=\u00a0\u00bbauto auto\u00a0\u00bb rt_bg_position=\u00a0\u00bbright top\u00a0\u00bb rt_bg_attachment=\u00a0\u00bbscroll\u00a0\u00bb rt_padding_top=\u00a0\u00bb40&Prime; rt_padding_bottom=\u00a0\u00bb40&Prime; rt_padding_left=\u00a0\u00bb40&Prime; rt_padding_right=\u00a0\u00bb40&Prime; rt_margin_top=\u00a0\u00bb-50&Prime; rt_bg_color=\u00a0\u00bb\u00a0\u00bb rt_bg_overlay_color=\u00a0\u00bb\u00a0\u00bb][\/vc_column][vc_column width=\u00a0\u00bb1\/2&Prime; rt_color_set=\u00a0\u00bbalt-style-1&Prime; rt_col_paddings=\u00a0\u00bbtrue\u00a0\u00bb rt_wrp_col_paddings=\u00a0\u00bbfalse\u00a0\u00bb rt_column_shadow=\u00a0\u00bb\u00a0\u00bb rt_border_top=\u00a0\u00bb\u00a0\u00bb rt_border_bottom=\u00a0\u00bb\u00a0\u00bb rt_border_left=\u00a0\u00bb\u00a0\u00bb rt_border_right=\u00a0\u00bb\u00a0\u00bb rt_border_top_mobile=\u00a0\u00bb\u00a0\u00bb rt_border_bottom_mobile=\u00a0\u00bb\u00a0\u00bb rt_border_left_mobile=\u00a0\u00bb\u00a0\u00bb rt_border_right_mobile=\u00a0\u00bb\u00a0\u00bb rt_bg_image_repeat=\u00a0\u00bbrepeat\u00a0\u00bb rt_bg_size=\u00a0\u00bbauto auto\u00a0\u00bb rt_bg_position=\u00a0\u00bbright top\u00a0\u00bb rt_bg_attachment=\u00a0\u00bbscroll\u00a0\u00bb rt_bg_color=\u00a0\u00bb\u00a0\u00bb rt_bg_overlay_color=\u00a0\u00bb\u00a0\u00bb rt_padding_top=\u00a0\u00bb100px\u00a0\u00bb rt_padding_bottom=\u00a0\u00bb100px\u00a0\u00bb rt_padding_left=\u00a0\u00bb15%\u00a0\u00bb rt_padding_right=\u00a0\u00bb50px\u00a0\u00bb]<div class=\"rt_heading_wrapper style-5\">\n\t\t\t\t\t\t<h1 class=\"rt_heading  style-5\" >HISTOIRE<\/h1> \n\t\t\t\t\t<\/div><div class=\"rt_heading_wrapper no-style\">\n\t\t\t\t\t\t<span class=\"rt_heading  secondary-font no-style\"  style=\"font-size:22px;\">L&rsquo;\u00e9pop\u00e9e du ch\u00e2teau de Mielmont<\/span> \n\t\t\t\t\t<\/div>[\/vc_column][\/vc_row][vc_row rt_row_background_width=\u00a0\u00bbfullwidth\u00a0\u00bb rt_row_content_width=\u00a0\u00bbfullwidth\u00a0\u00bb rt_row_style=\u00a0\u00bblight-style\u00a0\u00bb rt_row_height=\u00a0\u00bb\u00a0\u00bb rt_column_placement=\u00a0\u00bbmiddle\u00a0\u00bb rt_row_borders=\u00a0\u00bb\u00a0\u00bb rt_row_shadows=\u00a0\u00bb\u00a0\u00bb rt_column_gaps=\u00a0\u00bb\u00a0\u00bb rt_row_paddings=\u00a0\u00bbtrue\u00a0\u00bb rt_bg_effect=\u00a0\u00bbclassic\u00a0\u00bb rt_transparent_bg=\u00a0\u00bb\u00a0\u00bb rt_bg_image_repeat=\u00a0\u00bbrepeat\u00a0\u00bb rt_bg_size=\u00a0\u00bbcover\u00a0\u00bb rt_bg_position=\u00a0\u00bbright top\u00a0\u00bb rt_bg_attachment=\u00a0\u00bbscroll\u00a0\u00bb rt_bg_video_format=\u00a0\u00bbself-hosted\u00a0\u00bb rt_padding_bottom=\u00a0\u00bb0&Prime; rt_padding_top=\u00a0\u00bb0&Prime;][vc_column width=\u00a0\u00bb1\/2&Prime; rt_col_paddings=\u00a0\u00bbtrue\u00a0\u00bb rt_wrp_col_paddings=\u00a0\u00bbfalse\u00a0\u00bb rt_column_shadow=\u00a0\u00bb\u00a0\u00bb rt_border_top=\u00a0\u00bb\u00a0\u00bb rt_border_bottom=\u00a0\u00bb\u00a0\u00bb rt_border_left=\u00a0\u00bb\u00a0\u00bb rt_border_right=\u00a0\u00bb\u00a0\u00bb rt_border_top_mobile=\u00a0\u00bb\u00a0\u00bb rt_border_bottom_mobile=\u00a0\u00bb\u00a0\u00bb rt_border_left_mobile=\u00a0\u00bb\u00a0\u00bb rt_border_right_mobile=\u00a0\u00bb\u00a0\u00bb rt_bg_image_repeat=\u00a0\u00bbrepeat\u00a0\u00bb rt_bg_size=\u00a0\u00bbauto auto\u00a0\u00bb rt_bg_position=\u00a0\u00bbright top\u00a0\u00bb rt_bg_attachment=\u00a0\u00bbscroll\u00a0\u00bb force_content_width=\u00a0\u00bbyes\u00a0\u00bb column_align=\u00a0\u00bbright\u00a0\u00bb rt_bg_color=\u00a0\u00bb\u00a0\u00bb rt_bg_overlay_color=\u00a0\u00bb\u00a0\u00bb rt_padding_left=\u00a0\u00bb15%\u00a0\u00bb rt_padding_right=\u00a0\u00bb15%\u00a0\u00bb rt_padding_top=\u00a0\u00bb50px\u00a0\u00bb rt_padding_bottom=\u00a0\u00bb50px\u00a0\u00bb]<div class=\"rt_heading_wrapper no-style\">\n\t\t\t\t\t\t<h4 class=\"rt_heading  no-style\" >Premi\u00e8res traces<\/h4> \n\t\t\t\t\t<\/div>[vc_separator style=\u00a0\u00bbstyle-2&Prime;][vc_column_text]Le premi\u00e8res traces de Mielmont remontent \u00e0 1125. A l\u2019\u00e9poque Marlemont, Mierlemont ou Mellemont d\u00e9signent ce lieu. Merle ou marie d\u00e9signait \u00ab terre servant \u00e0 fumer et \u00e0 f\u00e9conder les labours \u00bb.<\/p>\n<p>Situ\u00e9 sur un promontoire dominant la vall\u00e9e de l\u2019Orneau, le donjon, qui subsiste encore aujourd\u2019hui, a \u00e9t\u00e9 construit au 12e si\u00e8cle. C\u2019est le comte de Namur, Godefroid, qui \u00e9difia une construction d\u00e9fensive sur les rochers les plus \u00e9lev\u00e9s de la vall\u00e9e. Le donjon \u00e9tait prot\u00e9g\u00e9 par une double enceinte et avait une importance strat\u00e9gique car il contr\u00f4lait la voie de Mons \u00e0 Namur. Il \u00e9tait habitable et pouvait abriter toute une garnison en temps de guerre. Le contour g\u00e9om\u00e9trique, un quadrilat\u00e8re avec 3 c\u00f4t\u00e9s rectilignes, et sa situation g\u00e9ographique (140m d\u2019altitude en moyenne) assurait au donjon une d\u00e9fense efficace contre les tentatives d\u2019invasion.[\/vc_column_text][\/vc_column][vc_column width=\u00a0\u00bb1\/2&Prime; rt_col_paddings=\u00a0\u00bbtrue\u00a0\u00bb rt_wrp_col_paddings=\u00a0\u00bbfalse\u00a0\u00bb rt_column_shadow=\u00a0\u00bb\u00a0\u00bb rt_border_top=\u00a0\u00bb\u00a0\u00bb rt_border_bottom=\u00a0\u00bb\u00a0\u00bb rt_border_left=\u00a0\u00bb\u00a0\u00bb rt_border_right=\u00a0\u00bb\u00a0\u00bb rt_border_top_mobile=\u00a0\u00bb\u00a0\u00bb rt_border_bottom_mobile=\u00a0\u00bb\u00a0\u00bb rt_border_left_mobile=\u00a0\u00bb\u00a0\u00bb rt_border_right_mobile=\u00a0\u00bb\u00a0\u00bb rt_bg_image_repeat=\u00a0\u00bbrepeat\u00a0\u00bb rt_bg_size=\u00a0\u00bbauto auto\u00a0\u00bb rt_bg_position=\u00a0\u00bbright top\u00a0\u00bb rt_bg_attachment=\u00a0\u00bbscroll\u00a0\u00bb rt_padding_top=\u00a0\u00bb0&Prime; rt_padding_bottom=\u00a0\u00bb0&Prime; rt_padding_left=\u00a0\u00bb0&Prime; rt_padding_right=\u00a0\u00bb0&Prime; rt_bg_color=\u00a0\u00bb\u00a0\u00bb rt_bg_overlay_color=\u00a0\u00bb\u00a0\u00bb]\r\n\t\t\t\t<div id=\"image-carousel-791796\" class=\"rt-carousel carousel-holder clearfix rt_lightbox_gallery\" data-item-width=\"1\" data-nav=\"true\" data-dots=\"false\" data-margin=\"0\" data-autoplay=\"true\" data-timeout=\"12000\" data-thumbnails=\"false\" data-boxed=\"false\" data-min-height=\"\" data-padding=\"0\" data-loop=\"false\" data-mobile-item-width=\"1\">\r\n\t\t\t\t\t<div class=\"owl-carousel\">\r\n\t\t\t\t\t\t<div><img decoding=\"async\" src=\"https:\/\/www.mielmont.be\/wp-content\/uploads\/2023\/01\/Image-1-750x469.jpg\" alt=\"\"><\/div>\r\n\t\t\t\t\t<\/div>\r\n\t\t\t\t\t\r\n\t\t\t\t\t\r\n\t\t\t\t<\/div>\r\n\t\t\t[\/vc_column][\/vc_row][vc_row rt_row_background_width=\u00a0\u00bbfullwidth\u00a0\u00bb rt_row_content_width=\u00a0\u00bbfullwidth\u00a0\u00bb rt_row_style=\u00a0\u00bblight-style\u00a0\u00bb rt_row_height=\u00a0\u00bb\u00a0\u00bb rt_column_placement=\u00a0\u00bbmiddle\u00a0\u00bb rt_row_borders=\u00a0\u00bb\u00a0\u00bb rt_row_shadows=\u00a0\u00bb\u00a0\u00bb rt_column_gaps=\u00a0\u00bb\u00a0\u00bb rt_row_paddings=\u00a0\u00bbfalse\u00a0\u00bb rt_bg_effect=\u00a0\u00bbclassic\u00a0\u00bb rt_transparent_bg=\u00a0\u00bb\u00a0\u00bb rt_bg_image_repeat=\u00a0\u00bbrepeat\u00a0\u00bb rt_bg_size=\u00a0\u00bbcover\u00a0\u00bb rt_bg_position=\u00a0\u00bbright top\u00a0\u00bb rt_bg_attachment=\u00a0\u00bbscroll\u00a0\u00bb rt_bg_video_format=\u00a0\u00bbself-hosted\u00a0\u00bb][vc_column width=\u00a0\u00bb1\/2&Prime; rt_col_paddings=\u00a0\u00bbtrue\u00a0\u00bb rt_wrp_col_paddings=\u00a0\u00bbfalse\u00a0\u00bb rt_column_shadow=\u00a0\u00bb\u00a0\u00bb rt_border_top=\u00a0\u00bb\u00a0\u00bb rt_border_bottom=\u00a0\u00bb\u00a0\u00bb rt_border_left=\u00a0\u00bb\u00a0\u00bb rt_border_right=\u00a0\u00bb\u00a0\u00bb rt_border_top_mobile=\u00a0\u00bb\u00a0\u00bb rt_border_bottom_mobile=\u00a0\u00bb\u00a0\u00bb rt_border_left_mobile=\u00a0\u00bb\u00a0\u00bb rt_border_right_mobile=\u00a0\u00bb\u00a0\u00bb rt_bg_image_repeat=\u00a0\u00bbrepeat\u00a0\u00bb rt_bg_size=\u00a0\u00bbauto auto\u00a0\u00bb rt_bg_position=\u00a0\u00bbright top\u00a0\u00bb rt_bg_attachment=\u00a0\u00bbscroll\u00a0\u00bb rt_padding_top=\u00a0\u00bb0&Prime; rt_padding_bottom=\u00a0\u00bb0&Prime; rt_padding_left=\u00a0\u00bb0&Prime; rt_padding_right=\u00a0\u00bb0&Prime; rt_bg_color=\u00a0\u00bb\u00a0\u00bb rt_bg_overlay_color=\u00a0\u00bb\u00a0\u00bb]\r\n\t\t\t\t<div id=\"image-carousel-650093\" class=\"rt-carousel carousel-holder clearfix rt_lightbox_gallery\" data-item-width=\"1\" data-nav=\"true\" data-dots=\"false\" data-margin=\"0\" data-autoplay=\"true\" data-timeout=\"10000\" data-thumbnails=\"false\" data-boxed=\"false\" data-min-height=\"\" data-padding=\"0\" data-loop=\"false\" data-mobile-item-width=\"1\">\r\n\t\t\t\t\t<div class=\"owl-carousel\">\r\n\t\t\t\t\t\t<div><img decoding=\"async\" src=\"https:\/\/www.mielmont.be\/wp-content\/uploads\/2023\/01\/Fontaine-de-Mme-de-Maintenon.jpg\" alt=\"\"><\/div>\r\n\t\t\t\t\t<\/div>\r\n\t\t\t\t\t\r\n\t\t\t\t\t\r\n\t\t\t\t<\/div>\r\n\t\t\t[\/vc_column][vc_column width=\u00a0\u00bb1\/2&Prime; rt_col_paddings=\u00a0\u00bbtrue\u00a0\u00bb rt_wrp_col_paddings=\u00a0\u00bbfalse\u00a0\u00bb rt_column_shadow=\u00a0\u00bb\u00a0\u00bb rt_border_top=\u00a0\u00bb\u00a0\u00bb rt_border_bottom=\u00a0\u00bb\u00a0\u00bb rt_border_left=\u00a0\u00bb\u00a0\u00bb rt_border_right=\u00a0\u00bb\u00a0\u00bb rt_border_top_mobile=\u00a0\u00bb\u00a0\u00bb rt_border_bottom_mobile=\u00a0\u00bb\u00a0\u00bb rt_border_left_mobile=\u00a0\u00bb\u00a0\u00bb rt_border_right_mobile=\u00a0\u00bb\u00a0\u00bb rt_bg_image_repeat=\u00a0\u00bbrepeat\u00a0\u00bb rt_bg_size=\u00a0\u00bbauto auto\u00a0\u00bb rt_bg_position=\u00a0\u00bbright top\u00a0\u00bb rt_bg_attachment=\u00a0\u00bbscroll\u00a0\u00bb force_content_width=\u00a0\u00bbyes\u00a0\u00bb rt_bg_color=\u00a0\u00bb\u00a0\u00bb rt_bg_overlay_color=\u00a0\u00bb\u00a0\u00bb rt_padding_left=\u00a0\u00bb15%\u00a0\u00bb rt_padding_right=\u00a0\u00bb15%\u00a0\u00bb rt_padding_top=\u00a0\u00bb50px\u00a0\u00bb rt_padding_bottom=\u00a0\u00bb50px\u00a0\u00bb]<div class=\"rt_heading_wrapper no-style\">\n\t\t\t\t\t\t<h4 class=\"rt_heading  no-style\" >Successions <em>&amp;<\/em> Visites prestigieuses<\/h4> \n\t\t\t\t\t<\/div>[vc_separator style=\u00a0\u00bbstyle-2&Prime;][vc_column_text]Mielmont appartint successivement aux familles de Merlemont (12\u00e8me s.), de Dave (milieu du 14\u00e8me s.), de Ste-Aldegonde (17\u00e8me s.), Roose de Leeuw (18\u00e8me s.), Coloma (18\u00e8me s.), de Beauffort (19\u00e8me et 20\u00e8me s.).<\/p>\n<p>Au 16\u00e8me si\u00e8cle le donjon a \u00e9t\u00e9 transform\u00e9 en maison de plaisance de style Renaissance. De 1564 \u00e0 1570, Hector de Dave entreprit la (re)construction de l\u2019aile sud. Le pont-levis fut d\u00e9moli et de grandes fen\u00eatres furent perc\u00e9es dans le donjon (c\u00f4te ferme). Les tours circulaires (nord et sud, c\u00f4t\u00e9 vall\u00e9e) et la tour ouest datent probablement de cette \u00e9poque. Agn\u00e8s de Dave qui \u00e9pousa Fran\u00e7ois-Lamoral de Sainte-Aldegonde agrandit encore le ch\u00e2teau au 17\u00e8me si\u00e8cle avec la construction de l\u2019aile est et de la tour d\u2019entr\u00e9e.<\/p>\n<p>En 1690, Charles Roose acquit la seigneurie de Mielmont. Le 17\u00e8me si\u00e8cle fut marqu\u00e9 par le si\u00e8ge de Namur (1692) durant lequel Louis XIV installa Mme de Maintenon au ch\u00e2teau. C&rsquo;est \u00e0 cette \u00e9poque que la Ronde Fontaine situ\u00e9e pr\u00e8s du pont des Brebis (pr\u00e8s du viaduc) prit le nom de Fontaine de Mme de Maintenon.<\/p>\n<p>Sous le r\u00e9gime autrichien, Mielmont devint le quartier g\u00e9n\u00e9ral des fran\u00e7ais lorsque les troupes de Louis XV, men\u00e9es par le g\u00e9n\u00e9ral de Saxe, envahirent la Belgique en 1742.<\/p>\n<p>En 1752, Eug\u00e9nie Roose \u00e9pousa un gentilhomme d&rsquo;origine espagnole, Charles Vital-Alexandre Coloma.<\/p>\n<p>Lorsque la France envahit \u00e0 nouveau la Belgique en 1792, les troupes fran\u00e7aises cantonn\u00e9es \u00e0 Mazy, Onoz et Temploux pill\u00e8rent le ch\u00e2teau qui fut abandonn\u00e9 jusqu&rsquo;\u00e0 sa restauration en 1870.[\/vc_column_text][\/vc_column][\/vc_row][vc_row rt_row_background_width=\u00a0\u00bbfullwidth\u00a0\u00bb rt_row_content_width=\u00a0\u00bbfullwidth\u00a0\u00bb rt_row_style=\u00a0\u00bblight-style\u00a0\u00bb rt_row_height=\u00a0\u00bb\u00a0\u00bb rt_column_placement=\u00a0\u00bbmiddle\u00a0\u00bb rt_row_borders=\u00a0\u00bb\u00a0\u00bb rt_row_shadows=\u00a0\u00bb\u00a0\u00bb rt_column_gaps=\u00a0\u00bb\u00a0\u00bb rt_row_paddings=\u00a0\u00bbfalse\u00a0\u00bb rt_bg_effect=\u00a0\u00bbclassic\u00a0\u00bb rt_transparent_bg=\u00a0\u00bb\u00a0\u00bb rt_bg_image_repeat=\u00a0\u00bbrepeat\u00a0\u00bb rt_bg_size=\u00a0\u00bbcover\u00a0\u00bb rt_bg_position=\u00a0\u00bbright top\u00a0\u00bb rt_bg_attachment=\u00a0\u00bbscroll\u00a0\u00bb rt_bg_video_format=\u00a0\u00bbself-hosted\u00a0\u00bb][vc_column width=\u00a0\u00bb1\/2&Prime; rt_col_paddings=\u00a0\u00bbtrue\u00a0\u00bb rt_wrp_col_paddings=\u00a0\u00bbfalse\u00a0\u00bb rt_column_shadow=\u00a0\u00bb\u00a0\u00bb rt_border_top=\u00a0\u00bb\u00a0\u00bb rt_border_bottom=\u00a0\u00bb\u00a0\u00bb rt_border_left=\u00a0\u00bb\u00a0\u00bb rt_border_right=\u00a0\u00bb\u00a0\u00bb rt_border_top_mobile=\u00a0\u00bb\u00a0\u00bb rt_border_bottom_mobile=\u00a0\u00bb\u00a0\u00bb rt_border_left_mobile=\u00a0\u00bb\u00a0\u00bb rt_border_right_mobile=\u00a0\u00bb\u00a0\u00bb rt_bg_image_repeat=\u00a0\u00bbrepeat\u00a0\u00bb rt_bg_size=\u00a0\u00bbauto auto\u00a0\u00bb rt_bg_position=\u00a0\u00bbright top\u00a0\u00bb rt_bg_attachment=\u00a0\u00bbscroll\u00a0\u00bb force_content_width=\u00a0\u00bbyes\u00a0\u00bb column_align=\u00a0\u00bbright\u00a0\u00bb rt_bg_color=\u00a0\u00bb\u00a0\u00bb rt_bg_overlay_color=\u00a0\u00bb\u00a0\u00bb rt_padding_left=\u00a0\u00bb15%\u00a0\u00bb rt_padding_right=\u00a0\u00bb15%\u00a0\u00bb rt_padding_top=\u00a0\u00bb50px\u00a0\u00bb rt_padding_bottom=\u00a0\u00bb50px\u00a0\u00bb]<div class=\"rt_heading_wrapper no-style\">\n\t\t\t\t\t\t<h4 class=\"rt_heading  no-style\" >Famille Beauffort <em>&amp;<\/em> Le \u00ab\u00a0Refuge du Jaguar\u00a0\u00bb<\/h4> \n\t\t\t\t\t<\/div>[vc_separator style=\u00a0\u00bbstyle-2&Prime;][vc_column_text]Marie-Elisabeth Roose de Baisy, derni\u00e8re du nom, \u00e9pousa le comte Am\u00e9d\u00e9e de Beauffort. Ses descendants furent tous bourgmestre d&rsquo;Onoz et pr\u00e9sident du Conseil de Fabrique d&rsquo;\u00e9glise. Ils se partag\u00e8rent le moulin, la ferme de Vaux, la ferme de Falnu\u00e9e, le ch\u00e2teau de Spy et plusieurs fermes \u00e0 Jemeppe sur Sambre.<\/p>\n<p>Leur fils, le marquis Albert de Beauffort (ci-contre \u00e0 droite) entreprit d&rsquo;importants travaux entre 1870 et 1875 dans l&rsquo;intention d&rsquo;y \u00e9tablir sa r\u00e9sidence. La chapelle n\u00e9o-gothique situ\u00e9e \u00e0 l&rsquo;extr\u00e9mit\u00e9 ouest de l&rsquo;aile sud date de cette \u00e9poque. L&rsquo;aile nord fut enti\u00e8rement reconstruite en 1923 par le comte Georges de Beauffort.<\/p>\n<p>Durant la seconde guerre mondiale, le Ch\u00e2teau fut un lieu de r\u00e9sistance connu sous le nom de \u00ab Refuge Jaguar \u00bb.[\/vc_column_text][\/vc_column][vc_column width=\u00a0\u00bb1\/2&Prime; rt_col_paddings=\u00a0\u00bbtrue\u00a0\u00bb rt_wrp_col_paddings=\u00a0\u00bbfalse\u00a0\u00bb rt_column_shadow=\u00a0\u00bb\u00a0\u00bb rt_border_top=\u00a0\u00bb\u00a0\u00bb rt_border_bottom=\u00a0\u00bb\u00a0\u00bb rt_border_left=\u00a0\u00bb\u00a0\u00bb rt_border_right=\u00a0\u00bb\u00a0\u00bb rt_border_top_mobile=\u00a0\u00bb\u00a0\u00bb rt_border_bottom_mobile=\u00a0\u00bb\u00a0\u00bb rt_border_left_mobile=\u00a0\u00bb\u00a0\u00bb rt_border_right_mobile=\u00a0\u00bb\u00a0\u00bb rt_bg_image_repeat=\u00a0\u00bbrepeat\u00a0\u00bb rt_bg_size=\u00a0\u00bbauto auto\u00a0\u00bb rt_bg_position=\u00a0\u00bbright top\u00a0\u00bb rt_bg_attachment=\u00a0\u00bbscroll\u00a0\u00bb rt_padding_top=\u00a0\u00bb0&Prime; rt_padding_bottom=\u00a0\u00bb0&Prime; rt_padding_left=\u00a0\u00bb0&Prime; rt_padding_right=\u00a0\u00bb0&Prime; rt_bg_color=\u00a0\u00bb\u00a0\u00bb rt_bg_overlay_color=\u00a0\u00bb\u00a0\u00bb]\r\n\t\t\t\t<div id=\"image-carousel-662114\" class=\"rt-carousel carousel-holder clearfix rt_lightbox_gallery\" data-item-width=\"2\" data-nav=\"true\" data-dots=\"false\" data-margin=\"0\" data-autoplay=\"true\" data-timeout=\"9000\" data-thumbnails=\"false\" data-boxed=\"false\" data-min-height=\"\" data-padding=\"0\" data-loop=\"false\" data-mobile-item-width=\"1\">\r\n\t\t\t\t\t<div class=\"owl-carousel\">\r\n\t\t\t\t\t\t<div><img decoding=\"async\" src=\"https:\/\/www.mielmont.be\/wp-content\/uploads\/2023\/01\/MArquis-Albert-de-Beauffort-500x500.jpg\" alt=\"\"><\/div><div><img decoding=\"async\" src=\"https:\/\/www.mielmont.be\/wp-content\/uploads\/2023\/01\/Compte-Claude-de-Beauffort-500x500.jpg\" alt=\"\"><\/div>\r\n\t\t\t\t\t<\/div>\r\n\t\t\t\t\t\r\n\t\t\t\t\t\r\n\t\t\t\t<\/div>\r\n\t\t\t[\/vc_column][\/vc_row][vc_row rt_row_background_width=\u00a0\u00bbfullwidth\u00a0\u00bb rt_row_content_width=\u00a0\u00bbfullwidth\u00a0\u00bb rt_row_style=\u00a0\u00bblight-style\u00a0\u00bb rt_row_height=\u00a0\u00bb\u00a0\u00bb rt_column_placement=\u00a0\u00bbmiddle\u00a0\u00bb rt_row_borders=\u00a0\u00bb\u00a0\u00bb rt_row_shadows=\u00a0\u00bb\u00a0\u00bb rt_column_gaps=\u00a0\u00bb\u00a0\u00bb rt_row_paddings=\u00a0\u00bbfalse\u00a0\u00bb rt_bg_effect=\u00a0\u00bbclassic\u00a0\u00bb rt_transparent_bg=\u00a0\u00bb\u00a0\u00bb rt_bg_image_repeat=\u00a0\u00bbrepeat\u00a0\u00bb rt_bg_size=\u00a0\u00bbcover\u00a0\u00bb rt_bg_position=\u00a0\u00bbright top\u00a0\u00bb rt_bg_attachment=\u00a0\u00bbscroll\u00a0\u00bb rt_bg_video_format=\u00a0\u00bbself-hosted\u00a0\u00bb][vc_column width=\u00a0\u00bb1\/2&Prime; rt_col_paddings=\u00a0\u00bbtrue\u00a0\u00bb rt_wrp_col_paddings=\u00a0\u00bbfalse\u00a0\u00bb rt_column_shadow=\u00a0\u00bb\u00a0\u00bb rt_border_top=\u00a0\u00bb\u00a0\u00bb rt_border_bottom=\u00a0\u00bb\u00a0\u00bb rt_border_left=\u00a0\u00bb\u00a0\u00bb rt_border_right=\u00a0\u00bb\u00a0\u00bb rt_border_top_mobile=\u00a0\u00bb\u00a0\u00bb rt_border_bottom_mobile=\u00a0\u00bb\u00a0\u00bb rt_border_left_mobile=\u00a0\u00bb\u00a0\u00bb rt_border_right_mobile=\u00a0\u00bb\u00a0\u00bb rt_bg_image_repeat=\u00a0\u00bbrepeat\u00a0\u00bb rt_bg_size=\u00a0\u00bbauto auto\u00a0\u00bb rt_bg_position=\u00a0\u00bbright top\u00a0\u00bb rt_bg_attachment=\u00a0\u00bbscroll\u00a0\u00bb rt_padding_top=\u00a0\u00bb0&Prime; rt_padding_bottom=\u00a0\u00bb0&Prime; rt_padding_left=\u00a0\u00bb0&Prime; rt_padding_right=\u00a0\u00bb0&Prime; rt_bg_color=\u00a0\u00bb\u00a0\u00bb rt_bg_overlay_color=\u00a0\u00bb\u00a0\u00bb]\r\n\t\t\t\t<div id=\"image-carousel-560293\" class=\"rt-carousel carousel-holder clearfix rt_lightbox_gallery\" data-item-width=\"2\" data-nav=\"true\" data-dots=\"false\" data-margin=\"0\" data-autoplay=\"true\" data-timeout=\"10000\" data-thumbnails=\"false\" data-boxed=\"false\" data-min-height=\"\" data-padding=\"0\" data-loop=\"false\" data-mobile-item-width=\"1\">\r\n\t\t\t\t\t<div class=\"owl-carousel\">\r\n\t\t\t\t\t\t<div><img decoding=\"async\" src=\"https:\/\/www.mielmont.be\/wp-content\/uploads\/2023\/01\/Chateau-de-Mielmont-gravure-1-500x500.jpg\" alt=\"\"><\/div><div><img decoding=\"async\" src=\"https:\/\/www.mielmont.be\/wp-content\/uploads\/2023\/01\/Archive-Mielmont-500x500.jpg\" alt=\"\"><\/div>\r\n\t\t\t\t\t<\/div>\r\n\t\t\t\t\t\r\n\t\t\t\t\t\r\n\t\t\t\t<\/div>\r\n\t\t\t[\/vc_column][vc_column width=\u00a0\u00bb1\/2&Prime; rt_col_paddings=\u00a0\u00bbtrue\u00a0\u00bb rt_wrp_col_paddings=\u00a0\u00bbfalse\u00a0\u00bb rt_column_shadow=\u00a0\u00bb\u00a0\u00bb rt_border_top=\u00a0\u00bb\u00a0\u00bb rt_border_bottom=\u00a0\u00bb\u00a0\u00bb rt_border_left=\u00a0\u00bb\u00a0\u00bb rt_border_right=\u00a0\u00bb\u00a0\u00bb rt_border_top_mobile=\u00a0\u00bb\u00a0\u00bb rt_border_bottom_mobile=\u00a0\u00bb\u00a0\u00bb rt_border_left_mobile=\u00a0\u00bb\u00a0\u00bb rt_border_right_mobile=\u00a0\u00bb\u00a0\u00bb rt_bg_image_repeat=\u00a0\u00bbrepeat\u00a0\u00bb rt_bg_size=\u00a0\u00bbauto auto\u00a0\u00bb rt_bg_position=\u00a0\u00bbright top\u00a0\u00bb rt_bg_attachment=\u00a0\u00bbscroll\u00a0\u00bb force_content_width=\u00a0\u00bbyes\u00a0\u00bb rt_bg_color=\u00a0\u00bb\u00a0\u00bb rt_bg_overlay_color=\u00a0\u00bb\u00a0\u00bb rt_padding_left=\u00a0\u00bb15%\u00a0\u00bb rt_padding_right=\u00a0\u00bb15%\u00a0\u00bb rt_padding_top=\u00a0\u00bb50px\u00a0\u00bb rt_padding_bottom=\u00a0\u00bb50px\u00a0\u00bb]<div class=\"rt_heading_wrapper no-style\">\n\t\t\t\t\t\t<h4 class=\"rt_heading  no-style\" >Le Domaine de Mielmont aujourd&rsquo;hui<\/h4> \n\t\t\t\t\t<\/div>[vc_separator style=\u00a0\u00bbstyle-2&Prime;][vc_column_text]Aujourd&rsquo;hui, les habitants d&rsquo;Onoz se souviennent de son fils, le comte Claude de Beauffort, qui les marqua par sa grande simplicit\u00e9.<\/p>\n<p>De l&rsquo;\u00e9difice du 12\u00e8me si\u00e8cle subsistent encore, la masse carr\u00e9e du donjon, le contour polygonal de l&rsquo;enceinte et le gros-\u0153uvre des courtines (vestiges d&rsquo;une latrine et base d&rsquo;un arc mur\u00e9).[\/vc_column_text][\/vc_column][\/vc_row]<\/p>\n","protected":false},"excerpt":{"rendered":"<p>[vc_row rt_row_background_width=\u00a0\u00bbfullwidth\u00a0\u00bb rt_row_content_width=\u00a0\u00bbfullwidth\u00a0\u00bb rt_row_style=\u00a0\u00bblight-style\u00a0\u00bb rt_row_height=\u00a0\u00bbmin_height\u00a0\u00bb rt_holder_placement=\u00a0\u00bbbottom\u00a0\u00bb rt_row_borders=\u00a0\u00bb\u00a0\u00bb rt_row_shadows=\u00a0\u00bb\u00a0\u00bb rt_column_gaps=\u00a0\u00bb\u00a0\u00bb rt_row_paddings=\u00a0\u00bbfalse\u00a0\u00bb rt_bg_effect=\u00a0\u00bbparallax\u00a0\u00bb rt_bg_parallax_effect=\u00a0\u00bb3&Prime; rt_transparent_bg=\u00a0\u00bb\u00a0\u00bb rt_bg_image_repeat=\u00a0\u00bbno-repeat\u00a0\u00bb rt_bg_size=\u00a0\u00bbcover\u00a0\u00bb rt_bg_position=\u00a0\u00bbright center\u00a0\u00bb rt_bg_video_format=\u00a0\u00bbself-hosted\u00a0\u00bb rt_bg_image=\u00a0\u00bb3683&Prime; rt_min_row_height=\u00a0\u00bb700&Prime;][vc_column width=\u00a0\u00bb1\/2&Prime; rt_col_paddings=\u00a0\u00bbtrue\u00a0\u00bb rt_wrp_col_paddings=\u00a0\u00bbfalse\u00a0\u00bb rt_column_shadow=\u00a0\u00bb\u00a0\u00bb rt_border_top=\u00a0\u00bb\u00a0\u00bb rt_border_bottom=\u00a0\u00bb\u00a0\u00bb rt_border_left=\u00a0\u00bb\u00a0\u00bb rt_border_right=\u00a0\u00bb\u00a0\u00bb rt_border_top_mobile=\u00a0\u00bb\u00a0\u00bb rt_border_bottom_mobile=\u00a0\u00bb\u00a0\u00bb rt_border_left_mobile=\u00a0\u00bb\u00a0\u00bb rt_border_right_mobile=\u00a0\u00bb\u00a0\u00bb rt_bg_image_repeat=\u00a0\u00bbrepeat\u00a0\u00bb rt_bg_size=\u00a0\u00bbauto auto\u00a0\u00bb rt_bg_position=\u00a0\u00bbright top\u00a0\u00bb rt_bg_attachment=\u00a0\u00bbscroll\u00a0\u00bb rt_padding_top=\u00a0\u00bb40&Prime; rt_padding_bottom=\u00a0\u00bb40&Prime; rt_padding_left=\u00a0\u00bb40&Prime; rt_padding_right=\u00a0\u00bb40&Prime; rt_margin_top=\u00a0\u00bb-50&Prime; rt_bg_color=\u00a0\u00bb\u00a0\u00bb rt_bg_overlay_color=\u00a0\u00bb\u00a0\u00bb][\/vc_column][vc_column width=\u00a0\u00bb1\/2&Prime; rt_color_set=\u00a0\u00bbalt-style-1&Prime; rt_col_paddings=\u00a0\u00bbtrue\u00a0\u00bb rt_wrp_col_paddings=\u00a0\u00bbfalse\u00a0\u00bb rt_column_shadow=\u00a0\u00bb\u00a0\u00bb rt_border_top=\u00a0\u00bb\u00a0\u00bb rt_border_bottom=\u00a0\u00bb\u00a0\u00bb rt_border_left=\u00a0\u00bb\u00a0\u00bb rt_border_right=\u00a0\u00bb\u00a0\u00bb rt_border_top_mobile=\u00a0\u00bb\u00a0\u00bb &#8230; <a class=\"more-link\" href=\"https:\/\/www.mielmont.be\/index.php\/histoire-mielmont\/\">Continue reading<\/a><\/p>\n","protected":false},"author":1,"featured_media":0,"parent":0,"menu_order":0,"comment_status":"closed","ping_status":"closed","template":"","meta":{"footnotes":""},"class_list":["post-2822","page","type-page","status-publish","hentry"],"_links":{"self":[{"href":"https:\/\/www.mielmont.be\/index.php\/wp-json\/wp\/v2\/pages\/2822","targetHints":{"allow":["GET"]}}],"collection":[{"href":"https:\/\/www.mielmont.be\/index.php\/wp-json\/wp\/v2\/pages"}],"about":[{"href":"https:\/\/www.mielmont.be\/index.php\/wp-json\/wp\/v2\/types\/page"}],"author":[{"embeddable":true,"href":"https:\/\/www.mielmont.be\/index.php\/wp-json\/wp\/v2\/users\/1"}],"replies":[{"embeddable":true,"href":"https:\/\/www.mielmont.be\/index.php\/wp-json\/wp\/v2\/comments?post=2822"}],"version-history":[{"count":5,"href":"https:\/\/www.mielmont.be\/index.php\/wp-json\/wp\/v2\/pages\/2822\/revisions"}],"predecessor-version":[{"id":3721,"href":"https:\/\/www.mielmont.be\/index.php\/wp-json\/wp\/v2\/pages\/2822\/revisions\/3721"}],"wp:attachment":[{"href":"https:\/\/www.mielmont.be\/index.php\/wp-json\/wp\/v2\/media?parent=2822"}],"curies":[{"name":"wp","href":"https:\/\/api.w.org\/{rel}","templated":true}]}}