{"id":3053,"date":"2020-08-06T15:57:34","date_gmt":"2020-08-06T13:57:34","guid":{"rendered":"https:\/\/www.mielmont.be\/?page_id=3053"},"modified":"2024-10-16T16:02:45","modified_gmt":"2024-10-16T14:02:45","slug":"restauration","status":"publish","type":"page","link":"https:\/\/www.mielmont.be\/index.php\/restauration\/","title":{"rendered":"Restauration"},"content":{"rendered":"<p>[vc_row rt_row_background_width=\u00a0\u00bbfullwidth\u00a0\u00bb rt_row_content_width=\u00a0\u00bbdefault\u00a0\u00bb rt_row_style=\u00a0\u00bblight-style\u00a0\u00bb rt_row_height=\u00a0\u00bb\u00a0\u00bb rt_column_placement=\u00a0\u00bbmiddle\u00a0\u00bb rt_row_borders=\u00a0\u00bb\u00a0\u00bb rt_row_shadows=\u00a0\u00bb\u00a0\u00bb rt_column_gaps=\u00a0\u00bb\u00a0\u00bb rt_row_paddings=\u00a0\u00bbtrue\u00a0\u00bb rt_bg_effect=\u00a0\u00bbclassic\u00a0\u00bb rt_transparent_bg=\u00a0\u00bb\u00a0\u00bb rt_bg_image_repeat=\u00a0\u00bbrepeat\u00a0\u00bb rt_bg_size=\u00a0\u00bbcover\u00a0\u00bb rt_bg_position=\u00a0\u00bbright top\u00a0\u00bb rt_bg_attachment=\u00a0\u00bbscroll\u00a0\u00bb rt_bg_video_format=\u00a0\u00bbself-hosted\u00a0\u00bb rt_padding_top=\u00a0\u00bb250&Prime; rt_padding_bottom=\u00a0\u00bb120&Prime;][vc_column width=\u00a0\u00bb1\/2&Prime; rt_col_paddings=\u00a0\u00bbtrue\u00a0\u00bb rt_wrp_col_paddings=\u00a0\u00bbfalse\u00a0\u00bb rt_column_shadow=\u00a0\u00bb\u00a0\u00bb rt_border_top=\u00a0\u00bb\u00a0\u00bb rt_border_bottom=\u00a0\u00bb\u00a0\u00bb rt_border_left=\u00a0\u00bb\u00a0\u00bb rt_border_right=\u00a0\u00bb\u00a0\u00bb rt_border_top_mobile=\u00a0\u00bb\u00a0\u00bb rt_border_bottom_mobile=\u00a0\u00bb\u00a0\u00bb rt_border_left_mobile=\u00a0\u00bb\u00a0\u00bb rt_border_right_mobile=\u00a0\u00bb\u00a0\u00bb rt_bg_image_repeat=\u00a0\u00bbrepeat\u00a0\u00bb rt_bg_size=\u00a0\u00bbauto auto\u00a0\u00bb rt_bg_position=\u00a0\u00bbright top\u00a0\u00bb rt_bg_attachment=\u00a0\u00bbscroll\u00a0\u00bb rt_bg_color=\u00a0\u00bb\u00a0\u00bb rt_bg_overlay_color=\u00a0\u00bb\u00a0\u00bb]<div class=\"rt_heading_wrapper no-style\">\n\t\t\t\t\t\t<h1 class=\"rt_heading  no-style\" >RESTAURATION <em>&amp;<\/em> TRAITEUR<\/h1> \n\t\t\t\t\t<\/div>[\/vc_column][vc_column width=\u00a0\u00bb1\/2&Prime; rt_color_set=\u00a0\u00bblight-style\u00a0\u00bb rt_col_paddings=\u00a0\u00bbtrue\u00a0\u00bb rt_wrp_col_paddings=\u00a0\u00bbfalse\u00a0\u00bb rt_column_shadow=\u00a0\u00bbtrue\u00a0\u00bb rt_border_top=\u00a0\u00bbtrue\u00a0\u00bb rt_border_bottom=\u00a0\u00bbtrue\u00a0\u00bb rt_border_left=\u00a0\u00bbtrue\u00a0\u00bb rt_border_right=\u00a0\u00bbtrue\u00a0\u00bb rt_border_top_mobile=\u00a0\u00bb\u00a0\u00bb rt_border_bottom_mobile=\u00a0\u00bb\u00a0\u00bb rt_border_left_mobile=\u00a0\u00bb\u00a0\u00bb rt_border_right_mobile=\u00a0\u00bb\u00a0\u00bb rt_bg_image_repeat=\u00a0\u00bbrepeat\u00a0\u00bb rt_bg_size=\u00a0\u00bbauto auto\u00a0\u00bb rt_bg_position=\u00a0\u00bbright top\u00a0\u00bb rt_bg_attachment=\u00a0\u00bbscroll\u00a0\u00bb rt_bg_color=\u00a0\u00bb\u00a0\u00bb rt_bg_overlay_color=\u00a0\u00bb\u00a0\u00bb rt_padding_top=\u00a0\u00bb40&Prime; rt_padding_bottom=\u00a0\u00bb5&Prime; rt_padding_left=\u00a0\u00bb40&Prime; rt_padding_right=\u00a0\u00bb40&Prime;][vc_column_text]Au c\u0153ur d\u2019un monument historique exceptionnel situ\u00e9 dans un parc de 100 hectares, nous vous proposons de vivre une exp\u00e9rience culinaire insolite.<\/p>\n<p><strong>Nous travaillons exclusivement en collaboration avec le service traiteur Enjoy by Alex, qui peut vous proposer toutes sortes de\u00a0 formules adapt\u00e9es \u00e0 diff\u00e9rents budgets.<\/strong><\/p>\n<p>D\u00e9couvrez \u00e9galement de notre r\u00e9pertoire de restaurants situ\u00e9s dans cette belle r\u00e9gion ![\/vc_column_text][\/vc_column][\/vc_row][vc_row rt_row_background_width=\u00a0\u00bbfullwidth\u00a0\u00bb rt_row_content_width=\u00a0\u00bbdefault\u00a0\u00bb rt_row_style=\u00a0\u00bblight-style\u00a0\u00bb rt_row_height=\u00a0\u00bb\u00a0\u00bb rt_row_borders=\u00a0\u00bb\u00a0\u00bb rt_row_shadows=\u00a0\u00bb\u00a0\u00bb rt_column_gaps=\u00a0\u00bb\u00a0\u00bb rt_row_paddings=\u00a0\u00bbtrue\u00a0\u00bb rt_bg_effect=\u00a0\u00bbclassic\u00a0\u00bb rt_transparent_bg=\u00a0\u00bb\u00a0\u00bb rt_bg_image_repeat=\u00a0\u00bbrepeat\u00a0\u00bb rt_bg_size=\u00a0\u00bbcover\u00a0\u00bb rt_bg_position=\u00a0\u00bbright top\u00a0\u00bb rt_bg_attachment=\u00a0\u00bbscroll\u00a0\u00bb rt_bg_video_format=\u00a0\u00bbself-hosted\u00a0\u00bb][vc_column rt_col_paddings=\u00a0\u00bbtrue\u00a0\u00bb rt_wrp_col_paddings=\u00a0\u00bbfalse\u00a0\u00bb rt_column_shadow=\u00a0\u00bb\u00a0\u00bb rt_border_top=\u00a0\u00bb\u00a0\u00bb rt_border_bottom=\u00a0\u00bb\u00a0\u00bb rt_border_left=\u00a0\u00bb\u00a0\u00bb rt_border_right=\u00a0\u00bb\u00a0\u00bb rt_border_top_mobile=\u00a0\u00bb\u00a0\u00bb rt_border_bottom_mobile=\u00a0\u00bb\u00a0\u00bb rt_border_left_mobile=\u00a0\u00bb\u00a0\u00bb rt_border_right_mobile=\u00a0\u00bb\u00a0\u00bb rt_bg_image_repeat=\u00a0\u00bbrepeat\u00a0\u00bb rt_bg_size=\u00a0\u00bbauto auto\u00a0\u00bb rt_bg_position=\u00a0\u00bbright top\u00a0\u00bb rt_bg_attachment=\u00a0\u00bbscroll\u00a0\u00bb][vc_tta_tour style=\u00a0\u00bboutline\u00a0\u00bb shape=\u00a0\u00bbsquare\u00a0\u00bb color=\u00a0\u00bbchino\u00a0\u00bb spacing=\u00a0\u00bb5&Prime; active_section=\u00a0\u00bb1&Prime;][vc_tta_section title=\u00a0\u00bbPetit-d\u00e9jeuner au Ch\u00e2teau\u00a0\u00bb tab_id=\u00a0\u00bb1686302931359-2e69a512-979e\u00a0\u00bb][vc_gallery interval=\u00a0\u00bb5&Prime; images=\u00a0\u00bb3914&Prime; img_size=\u00a0\u00bb1000&#215;700&Prime; onclick=\u00a0\u00bbimg_link_large\u00a0\u00bb]<article  class=\"icon-content-box content-box icon-left icon-style-1\"><div class=\"icon-holder\"><span class=\"icon-fork\"><\/span><\/div><div class=\"text-holder\"><h1 class=\"heading\">Petit-d\u00e9jeuner au Ch\u00e2teau<\/h1> <ul>\n<li>Pain au chocolat et croissant, baguette, pistolet, pains (pain sans Gluten sur demande)<\/li>\n<li>\u0152ufs brouill\u00e9s, lards petit-d\u00e9jeuner<\/li>\n<li>Fromage et charcuterie<\/li>\n<li>Th\u00e9 et caf\u00e9 (chocolat chaud sur demande)<\/li>\n<li>Jus de pommes, eau<\/li>\n<li>Beurre, choco, confitures maison<\/li>\n<li>Fruits, yahourts<\/li>\n<\/ul>\n<\/div><\/article>[\/vc_tta_section][vc_tta_section title=\u00a0\u00bbTraiteur Enjoy\u00a0\u00bb tab_id=\u00a0\u00bb1686303557479-d90ab9ed-9c53&Prime;][vc_gallery interval=\u00a0\u00bb5&Prime; images=\u00a0\u00bb3918,3593,3594,3916,3917&Prime; img_size=\u00a0\u00bb1000&#215;700&Prime; onclick=\u00a0\u00bbimg_link_large\u00a0\u00bb]<article  class=\"icon-content-box content-box icon-left icon-style-1\"><div class=\"icon-holder\"><span class=\"icon-fork\"><\/span><\/div><div class=\"text-holder\"><h1 class=\"heading\">Traiteur Enjoy by Alex<\/h1> <p><strong>Un \u00e9v\u00e9nement r\u00e9ussi\u2026 c\u2019est celui qui laisse un souvenir gustatif m\u00e9morable\u2026 une \u00e9motion forte et intense\u2026 !!!\u00a0Enjoy by Alex \/ Radi for You revisite l\u2019instant traiteur pour redonner au produit le r\u00f4le central\u2026 au service de la quintessence du go\u00fbt.<\/strong><\/p>\n<p>Enjoy by Alex \/ Radi for You c\u2019est la passion de choisir les meilleurs produits dans un esprit \u00ab gastronomie d\u2019aujourd\u2019hui \u00bb\u2026 une cuisine qui suit les saisons avec \u00e9l\u00e9gance\u2026 raffinement et g\u00e9n\u00e9rosit\u00e9 !<\/p>\n<p>Enjoy by Alex \/ Radi for You est un atelier de passionn\u00e9s\u2026 notre ADN est clairement belge avec des produits de notre merveilleux terroir\u2026 s\u00e9lectionn\u00e9s avec le plus grand soin aupr\u00e8s de nos producteurs voisins et respectueux de l\u2019environnement. Si notre cuisine est moderne et innovante\u2026 nos techniques sont traditionnelles et le respect du produit est au c\u0153ur de notre philosophie\u2026 pour vous faire vivre de la pure magie !<\/p>\n<p><strong>Contact :<\/strong>\u00a0Alexandre de Radigu\u00e8s \u2013 alexandre@enjoytraiteur.be \u2013\u00a0 0474\/96.02.55<\/p>\n<\/div><\/article>[\/vc_tta_section][vc_tta_section title=\u00a0\u00bbRestaurants des alentours\u00a0\u00bb tab_id=\u00a0\u00bb1686479896888-a85c1c3a-ca58&Prime;][vc_gallery interval=\u00a0\u00bb5&Prime; images=\u00a0\u00bb2871&Prime; img_size=\u00a0\u00bb1000&#215;700&Prime; onclick=\u00a0\u00bbimg_link_large\u00a0\u00bb]<article  class=\"icon-content-box content-box icon-left icon-style-1\"><div class=\"icon-holder\"><span class=\"icon-fork\"><\/span><\/div><div class=\"text-holder\"><h1 class=\"heading\">Nos adresses<\/h1> <ul>\n<li><a href=\"https:\/\/www.lessentiel.be\/\">L\u2019Essentiel<\/a> (Temploux) \u2013 1 \u00e9toile (12 min.)<\/li>\n<li><a href=\"https:\/\/www.golf-hotel-falnuee.com\/\">Restaurant du Golf Falnu\u00e9e<\/a> (Mielmont) \u2013 Cuisine fran\u00e7aise (10 min.)<\/li>\n<li><a href=\"http:\/\/www.table27.be\/\">Table 27<\/a> (Jemeppe-Sur-Sambre) \u2013 Cuisine fran\u00e7aise (7 min.)<\/li>\n<li><a href=\"http:\/\/www.restozinc.be\/\">Zinc<\/a> (Temploux) \u2013 Cuisine fran\u00e7aise (11 min.)<\/li>\n<li><a href=\"https:\/\/www.bertinchamps.be\/restaurant\">Table de Bertinchamps<\/a> (Gembloux) \u2013 Cuisine du terroir (19 min.)<\/li>\n<li><a href=\"https:\/\/www.resto-dynasty.be\/\">Dynasty<\/a> (Gembloux) \u2013 Asiatique (16 min.)<\/li>\n<li><a href=\"https:\/\/www.facebook.com\/pages\/category\/Pizza-Place\/Lo-Stromboli-368609026484654\/\">Lo Stromboli<\/a> (Bothey) \u2013 Pizzeria (10 min.)<\/li>\n<li><a href=\"https:\/\/burgergrilldudocq.be\/public\/about\/\">Burger Grill du Docq<\/a> (Sombreffe) \u2013 Burger (13 min.)<\/li>\n<li>Top Frites (Gembloux) \u2013 Burger (18 min.)<\/li>\n<li>Quick (Gembloux) \u2013 Burger (18 min.)<\/li>\n<\/ul>\n<\/div><\/article>[\/vc_tta_section][\/vc_tta_tour][\/vc_column][\/vc_row]<\/p>\n","protected":false},"excerpt":{"rendered":"<p>[vc_row rt_row_background_width=\u00a0\u00bbfullwidth\u00a0\u00bb rt_row_content_width=\u00a0\u00bbdefault\u00a0\u00bb rt_row_style=\u00a0\u00bblight-style\u00a0\u00bb rt_row_height=\u00a0\u00bb\u00a0\u00bb rt_column_placement=\u00a0\u00bbmiddle\u00a0\u00bb rt_row_borders=\u00a0\u00bb\u00a0\u00bb rt_row_shadows=\u00a0\u00bb\u00a0\u00bb rt_column_gaps=\u00a0\u00bb\u00a0\u00bb rt_row_paddings=\u00a0\u00bbtrue\u00a0\u00bb rt_bg_effect=\u00a0\u00bbclassic\u00a0\u00bb rt_transparent_bg=\u00a0\u00bb\u00a0\u00bb rt_bg_image_repeat=\u00a0\u00bbrepeat\u00a0\u00bb rt_bg_size=\u00a0\u00bbcover\u00a0\u00bb rt_bg_position=\u00a0\u00bbright top\u00a0\u00bb rt_bg_attachment=\u00a0\u00bbscroll\u00a0\u00bb rt_bg_video_format=\u00a0\u00bbself-hosted\u00a0\u00bb rt_padding_top=\u00a0\u00bb250&Prime; rt_padding_bottom=\u00a0\u00bb120&Prime;][vc_column width=\u00a0\u00bb1\/2&Prime; rt_col_paddings=\u00a0\u00bbtrue\u00a0\u00bb rt_wrp_col_paddings=\u00a0\u00bbfalse\u00a0\u00bb rt_column_shadow=\u00a0\u00bb\u00a0\u00bb rt_border_top=\u00a0\u00bb\u00a0\u00bb rt_border_bottom=\u00a0\u00bb\u00a0\u00bb rt_border_left=\u00a0\u00bb\u00a0\u00bb rt_border_right=\u00a0\u00bb\u00a0\u00bb rt_border_top_mobile=\u00a0\u00bb\u00a0\u00bb rt_border_bottom_mobile=\u00a0\u00bb\u00a0\u00bb rt_border_left_mobile=\u00a0\u00bb\u00a0\u00bb rt_border_right_mobile=\u00a0\u00bb\u00a0\u00bb rt_bg_image_repeat=\u00a0\u00bbrepeat\u00a0\u00bb rt_bg_size=\u00a0\u00bbauto auto\u00a0\u00bb rt_bg_position=\u00a0\u00bbright top\u00a0\u00bb rt_bg_attachment=\u00a0\u00bbscroll\u00a0\u00bb rt_bg_color=\u00a0\u00bb\u00a0\u00bb rt_bg_overlay_color=\u00a0\u00bb\u00a0\u00bb][\/vc_column][vc_column width=\u00a0\u00bb1\/2&Prime; rt_color_set=\u00a0\u00bblight-style\u00a0\u00bb rt_col_paddings=\u00a0\u00bbtrue\u00a0\u00bb rt_wrp_col_paddings=\u00a0\u00bbfalse\u00a0\u00bb rt_column_shadow=\u00a0\u00bbtrue\u00a0\u00bb rt_border_top=\u00a0\u00bbtrue\u00a0\u00bb rt_border_bottom=\u00a0\u00bbtrue\u00a0\u00bb rt_border_left=\u00a0\u00bbtrue\u00a0\u00bb rt_border_right=\u00a0\u00bbtrue\u00a0\u00bb rt_border_top_mobile=\u00a0\u00bb\u00a0\u00bb rt_border_bottom_mobile=\u00a0\u00bb\u00a0\u00bb rt_border_left_mobile=\u00a0\u00bb\u00a0\u00bb rt_border_right_mobile=\u00a0\u00bb\u00a0\u00bb rt_bg_image_repeat=\u00a0\u00bbrepeat\u00a0\u00bb rt_bg_size=\u00a0\u00bbauto &#8230; <a class=\"more-link\" href=\"https:\/\/www.mielmont.be\/index.php\/restauration\/\">Continue reading<\/a><\/p>\n","protected":false},"author":1,"featured_media":0,"parent":0,"menu_order":0,"comment_status":"closed","ping_status":"closed","template":"","meta":{"footnotes":""},"class_list":["post-3053","page","type-page","status-publish","hentry"],"_links":{"self":[{"href":"https:\/\/www.mielmont.be\/index.php\/wp-json\/wp\/v2\/pages\/3053","targetHints":{"allow":["GET"]}}],"collection":[{"href":"https:\/\/www.mielmont.be\/index.php\/wp-json\/wp\/v2\/pages"}],"about":[{"href":"https:\/\/www.mielmont.be\/index.php\/wp-json\/wp\/v2\/types\/page"}],"author":[{"embeddable":true,"href":"https:\/\/www.mielmont.be\/index.php\/wp-json\/wp\/v2\/users\/1"}],"replies":[{"embeddable":true,"href":"https:\/\/www.mielmont.be\/index.php\/wp-json\/wp\/v2\/comments?post=3053"}],"version-history":[{"count":31,"href":"https:\/\/www.mielmont.be\/index.php\/wp-json\/wp\/v2\/pages\/3053\/revisions"}],"predecessor-version":[{"id":3919,"href":"https:\/\/www.mielmont.be\/index.php\/wp-json\/wp\/v2\/pages\/3053\/revisions\/3919"}],"wp:attachment":[{"href":"https:\/\/www.mielmont.be\/index.php\/wp-json\/wp\/v2\/media?parent=3053"}],"curies":[{"name":"wp","href":"https:\/\/api.w.org\/{rel}","templated":true}]}}