{"id":3057,"date":"2020-08-06T15:58:55","date_gmt":"2020-08-06T13:58:55","guid":{"rendered":"https:\/\/www.mielmont.be\/?page_id=3057"},"modified":"2023-10-06T12:40:56","modified_gmt":"2023-10-06T10:40:56","slug":"activites-sportives-teambuilding","status":"publish","type":"page","link":"https:\/\/www.mielmont.be\/index.php\/activites-sportives-teambuilding\/","title":{"rendered":"Activit\u00e9s sportives et teambuilding"},"content":{"rendered":"<p>[vc_row rt_row_background_width=\u00a0\u00bbfullwidth\u00a0\u00bb rt_row_content_width=\u00a0\u00bbfullwidth\u00a0\u00bb rt_row_style=\u00a0\u00bblight-style\u00a0\u00bb rt_row_height=\u00a0\u00bbmin_height\u00a0\u00bb rt_holder_placement=\u00a0\u00bbbottom\u00a0\u00bb rt_row_borders=\u00a0\u00bb\u00a0\u00bb rt_row_shadows=\u00a0\u00bb\u00a0\u00bb rt_column_gaps=\u00a0\u00bb\u00a0\u00bb rt_row_paddings=\u00a0\u00bbfalse\u00a0\u00bb rt_bg_effect=\u00a0\u00bbparallax\u00a0\u00bb rt_bg_parallax_effect=\u00a0\u00bb3&Prime; rt_transparent_bg=\u00a0\u00bb\u00a0\u00bb rt_bg_image_repeat=\u00a0\u00bbno-repeat\u00a0\u00bb rt_bg_size=\u00a0\u00bbcover\u00a0\u00bb rt_bg_position=\u00a0\u00bbcenter center\u00a0\u00bb rt_bg_video_format=\u00a0\u00bbself-hosted\u00a0\u00bb rt_bg_image=\u00a0\u00bb3503&Prime; rt_min_row_height=\u00a0\u00bb700&Prime;][vc_column width=\u00a0\u00bb1\/2&Prime; rt_col_paddings=\u00a0\u00bbtrue\u00a0\u00bb rt_wrp_col_paddings=\u00a0\u00bbfalse\u00a0\u00bb rt_column_shadow=\u00a0\u00bb\u00a0\u00bb rt_border_top=\u00a0\u00bb\u00a0\u00bb rt_border_bottom=\u00a0\u00bb\u00a0\u00bb rt_border_left=\u00a0\u00bb\u00a0\u00bb rt_border_right=\u00a0\u00bb\u00a0\u00bb rt_border_top_mobile=\u00a0\u00bb\u00a0\u00bb rt_border_bottom_mobile=\u00a0\u00bb\u00a0\u00bb rt_border_left_mobile=\u00a0\u00bb\u00a0\u00bb rt_border_right_mobile=\u00a0\u00bb\u00a0\u00bb rt_bg_image_repeat=\u00a0\u00bbrepeat\u00a0\u00bb rt_bg_size=\u00a0\u00bbauto auto\u00a0\u00bb rt_bg_position=\u00a0\u00bbright top\u00a0\u00bb rt_bg_attachment=\u00a0\u00bbscroll\u00a0\u00bb rt_padding_top=\u00a0\u00bb40&Prime; rt_padding_bottom=\u00a0\u00bb40&Prime; rt_padding_left=\u00a0\u00bb40&Prime; rt_padding_right=\u00a0\u00bb40&Prime; rt_margin_top=\u00a0\u00bb-50&Prime; rt_bg_color=\u00a0\u00bb\u00a0\u00bb rt_bg_overlay_color=\u00a0\u00bb\u00a0\u00bb][\/vc_column][vc_column width=\u00a0\u00bb1\/2&Prime; rt_color_set=\u00a0\u00bbalt-style-1&Prime; rt_col_paddings=\u00a0\u00bbtrue\u00a0\u00bb rt_wrp_col_paddings=\u00a0\u00bbfalse\u00a0\u00bb rt_column_shadow=\u00a0\u00bb\u00a0\u00bb rt_border_top=\u00a0\u00bb\u00a0\u00bb rt_border_bottom=\u00a0\u00bb\u00a0\u00bb rt_border_left=\u00a0\u00bb\u00a0\u00bb rt_border_right=\u00a0\u00bb\u00a0\u00bb rt_border_top_mobile=\u00a0\u00bb\u00a0\u00bb rt_border_bottom_mobile=\u00a0\u00bb\u00a0\u00bb rt_border_left_mobile=\u00a0\u00bb\u00a0\u00bb rt_border_right_mobile=\u00a0\u00bb\u00a0\u00bb rt_bg_image_repeat=\u00a0\u00bbrepeat\u00a0\u00bb rt_bg_size=\u00a0\u00bbauto auto\u00a0\u00bb rt_bg_position=\u00a0\u00bbright top\u00a0\u00bb rt_bg_attachment=\u00a0\u00bbscroll\u00a0\u00bb rt_bg_color=\u00a0\u00bb\u00a0\u00bb rt_bg_overlay_color=\u00a0\u00bb\u00a0\u00bb rt_padding_top=\u00a0\u00bb100px\u00a0\u00bb rt_padding_bottom=\u00a0\u00bb100px\u00a0\u00bb rt_padding_left=\u00a0\u00bb15%\u00a0\u00bb rt_padding_right=\u00a0\u00bb50px\u00a0\u00bb]<div class=\"rt_heading_wrapper style-5\">\n\t\t\t\t\t\t<h1 class=\"rt_heading  style-5\" >ACTIVIT\u00c9S SPORTIVES &amp; TEAMBUILDING<\/h1> \n\t\t\t\t\t<\/div><div class=\"rt_heading_wrapper no-style\">\n\t\t\t\t\t\t<span class=\"rt_heading  secondary-font no-style\"  style=\"font-size:22px;\">enjoy every single moment of your holiday<\/span> \n\t\t\t\t\t<\/div>[\/vc_column][\/vc_row][vc_row rt_row_background_width=\u00a0\u00bbfullwidth\u00a0\u00bb rt_row_content_width=\u00a0\u00bbdefault\u00a0\u00bb rt_row_style=\u00a0\u00bblight-style\u00a0\u00bb rt_row_height=\u00a0\u00bb\u00a0\u00bb rt_row_borders=\u00a0\u00bb\u00a0\u00bb rt_row_shadows=\u00a0\u00bb\u00a0\u00bb rt_column_gaps=\u00a0\u00bb\u00a0\u00bb rt_row_paddings=\u00a0\u00bbtrue\u00a0\u00bb rt_bg_effect=\u00a0\u00bbclassic\u00a0\u00bb rt_transparent_bg=\u00a0\u00bb\u00a0\u00bb rt_bg_image_repeat=\u00a0\u00bbrepeat\u00a0\u00bb rt_bg_size=\u00a0\u00bbcover\u00a0\u00bb rt_bg_position=\u00a0\u00bbright top\u00a0\u00bb rt_bg_attachment=\u00a0\u00bbscroll\u00a0\u00bb rt_bg_video_format=\u00a0\u00bbself-hosted\u00a0\u00bb][vc_column rt_col_paddings=\u00a0\u00bbtrue\u00a0\u00bb rt_wrp_col_paddings=\u00a0\u00bbfalse\u00a0\u00bb rt_column_shadow=\u00a0\u00bb\u00a0\u00bb rt_border_top=\u00a0\u00bb\u00a0\u00bb rt_border_bottom=\u00a0\u00bb\u00a0\u00bb rt_border_left=\u00a0\u00bb\u00a0\u00bb rt_border_right=\u00a0\u00bb\u00a0\u00bb rt_border_top_mobile=\u00a0\u00bb\u00a0\u00bb rt_border_bottom_mobile=\u00a0\u00bb\u00a0\u00bb rt_border_left_mobile=\u00a0\u00bb\u00a0\u00bb rt_border_right_mobile=\u00a0\u00bb\u00a0\u00bb rt_bg_image_repeat=\u00a0\u00bbrepeat\u00a0\u00bb rt_bg_size=\u00a0\u00bbauto auto\u00a0\u00bb rt_bg_position=\u00a0\u00bbright top\u00a0\u00bb rt_bg_attachment=\u00a0\u00bbscroll\u00a0\u00bb][vc_tta_tour style=\u00a0\u00bboutline\u00a0\u00bb shape=\u00a0\u00bbsquare\u00a0\u00bb color=\u00a0\u00bbchino\u00a0\u00bb spacing=\u00a0\u00bb5&Prime; active_section=\u00a0\u00bb1&Prime;][vc_tta_section title=\u00a0\u00bbAnimations de groupe\u00a0\u00bb tab_id=\u00a0\u00bb1681818799622-3ace33b4-c1fb\u00a0\u00bb]<article  class=\"icon-content-box content-box icon-left icon-style-1\"><div class=\"icon-holder\"><span class=\"icon-new-heart-1\"><\/span><\/div><div class=\"text-holder\"><h1 class=\"heading\">Animations de groupe<\/h1> <p>Vous recherchez une activit\u00e9 pour animer votre team building ou s\u00e9minaire\u2026 une animation qui sorte un peu des habitues et qui permette \u00e0 votre \u00e9quipe de se rassembler&#8230;<\/p>\n<p data-font-weight=\"400\">Vous organisez une f\u00eate de famille, des fian\u00e7ailles, un mariage, un anniversaire\u2026 un enterrement de gar\u00e7on ou de jeune fille\u2026 ou encore, vous cherchez de chouettes activit\u00e9s pour animer le Groupe d\u2019Activit\u00e9s de votre ado\u2026<\/p>\n<p data-font-weight=\"400\">Un seul contact :\u00a0<a href=\"http:\/\/www.bullesdair.be\">Bulles d&rsquo;Air<\/a><\/p>\n<\/div><\/article>[vc_gallery interval=\u00a0\u00bb5&Prime; images=\u00a0\u00bb3698,3699&Prime; img_size=\u00a0\u00bb1000&#215;700&Prime; onclick=\u00a0\u00bbimg_link_large\u00a0\u00bb][\/vc_tta_section][vc_tta_section title=\u00a0\u00bbAu sein du parc, avec vos chevaux\u00a0\u00bb tab_id=\u00a0\u00bb1681816834952-d894d45b-5a17&Prime;]<article  class=\"icon-content-box content-box icon-left icon-style-1\"><div class=\"icon-holder\"><span class=\"icon-new-heart-1\"><\/span><\/div><div class=\"text-holder\"><h1 class=\"heading\">Au sein du parc avec vos chevaux<\/h1> <p>5 grandes prairies ainsi qu\u2019un abri pouvant \u00eatre transform\u00e9 en 5 boxes peuvent accueillir vos chevaux.<\/p>\n<p>Une piste de 30*50 m ainsi qu\u2019un paddock de 25*35 m sont attenants.<\/p>\n<\/div><\/article>[vc_gallery interval=\u00a0\u00bb5&Prime; images=\u00a0\u00bb3636,3635,3624,3623,3634,3629&Prime; img_size=\u00a0\u00bb1000&#215;700&Prime; onclick=\u00a0\u00bbimg_link_large\u00a0\u00bb][\/vc_tta_section][vc_tta_section title=\u00a0\u00bbRandonn\u00e9es\u00a0\u00bb tab_id=\u00a0\u00bb1681817100398-9e282912-f052&Prime;]<article  class=\"icon-content-box content-box icon-left icon-style-1\"><div class=\"icon-holder\"><span class=\"icon-line-direction-2\"><\/span><\/div><div class=\"text-holder\"><h1 class=\"heading\">Randonn\u00e9es<\/h1> <p>La r\u00e9gion b\u00e9n\u00e9ficie d\u2019un h\u00e9ritage patrimoine tr\u00e8s riche et offre une multitude de balades pour les amoureux de la nature. De nombreuses promenades vous emm\u00e8nent \u00e0 travers bois, champs et au bord de l\u2019eau et vous permettent de d\u00e9couvrir le riche patrimoine de la r\u00e9gion. De nombreuses balades sont propos\u00e9es sur le site. <a href=\"http:\/\/www.hommedespy.be\/\">http:\/\/www.hommedespy.be\/<\/a><\/p>\n<\/div><\/article>[vc_gallery interval=\u00a0\u00bb5&Prime; images=\u00a0\u00bb3696,3692,3697&Prime; img_size=\u00a0\u00bb1000&#215;700&Prime; onclick=\u00a0\u00bbimg_link_large\u00a0\u00bb][\/vc_tta_section][vc_tta_section title=\u00a0\u00bbRandonn\u00e9es v\u00e9lo\u00a0\u00bb tab_id=\u00a0\u00bb1681817142302-04c6af06-8820&Prime;]<article  class=\"icon-content-box content-box icon-left icon-style-1\"><div class=\"icon-holder\"><span class=\"icon-bicycle-1\"><\/span><\/div><div class=\"text-holder\"><h1 class=\"heading\">Randonn\u00e9es v\u00e9lo<\/h1> <p>Dates des randonn\u00e9es organis\u00e9es en v\u00e9lo dans la r\u00e9gion notamment dans des domaines priv\u00e9s (dont Mielmont). Par exemple : Randonn\u00e9e des 5 ch\u00e2teaux.<\/p>\n<p><a href=\"http:\/\/mazysfunbikers.be\/index.php\">Mazy&rsquo;s Fun Bikers (mazysfunbikers.be)<\/a><\/p>\n<\/div><\/article>[vc_gallery interval=\u00a0\u00bb5&Prime; images=\u00a0\u00bb3695&Prime; img_size=\u00a0\u00bb1000&#215;700&Prime; onclick=\u00a0\u00bbimg_link_large\u00a0\u00bb][\/vc_tta_section][vc_tta_section title=\u00a0\u00bbLocation de v\u00e9los \u00e9lectriques et VTT\u00a0\u00bb tab_id=\u00a0\u00bb1681817119077-9a738b0c-9d81&Prime;]<article  class=\"icon-content-box content-box icon-left icon-style-1\"><div class=\"icon-holder\"><span class=\"icon-bicycle-1\"><\/span><\/div><div class=\"text-holder\"><h1 class=\"heading\">Location de v\u00e9los \u00e9lectriques et VTT<\/h1> <p>L\u2019office du tourisme de Jemeppe-Sur-Sambre met plusieurs v\u00e9los \u00e9lectriques et VTT \u00e0 disposition.\u00a0<a href=\"http:\/\/www.hommedespy.be\/\">http:\/\/www.hommedespy.be\/<\/a><\/p>\n<\/div><\/article>[vc_gallery interval=\u00a0\u00bb5&Prime; images=\u00a0\u00bb3694&Prime; img_size=\u00a0\u00bb1000&#215;700&Prime; onclick=\u00a0\u00bbimg_link_large\u00a0\u00bb][\/vc_tta_section][vc_tta_section title=\u00a0\u00bbSegway\u00a0\u00bb tab_id=\u00a0\u00bb1681818252709-430918d4-321b\u00a0\u00bb]<article  class=\"icon-content-box content-box icon-left icon-style-1\"><div class=\"icon-holder\"><span class=\"icon-bicycle-1\"><\/span><\/div><div class=\"text-holder\"><h1 class=\"heading\">Segway<\/h1> <p data-font-weight=\"400\">Info et contact :\u00a0<a href=\"http:\/\/www.bullesdair.be\">Bulles d&rsquo;Air<\/a><\/p>\n<\/div><\/article>[vc_gallery interval=\u00a0\u00bb5&Prime; images=\u00a0\u00bb3698&Prime; img_size=\u00a0\u00bb1000&#215;700&Prime; onclick=\u00a0\u00bbimg_link_large\u00a0\u00bb][\/vc_tta_section][vc_tta_section title=\u00a0\u00bbTir \u00e0 l&rsquo;arc\u00a0\u00bb tab_id=\u00a0\u00bb1681818558820-f17f1cc4-d5c6&Prime;]<article  class=\"icon-content-box content-box icon-left icon-style-1\"><div class=\"icon-holder\"><span class=\"icon-arrow\"><\/span><\/div><div class=\"text-holder\"><h1 class=\"heading\">Tir \u00e0 l'arc<\/h1> <p data-font-weight=\"400\">Info et contact :\u00a0<a href=\"http:\/\/www.bullesdair.be\">Bulles d&rsquo;Air<\/a><\/p>\n<\/div><\/article>[vc_gallery interval=\u00a0\u00bb5&Prime; images=\u00a0\u00bb3699&Prime; img_size=\u00a0\u00bb1000&#215;700&Prime; onclick=\u00a0\u00bbimg_link_large\u00a0\u00bb][\/vc_tta_section][vc_tta_section title=\u00a0\u00bbTir aux cl\u00e9s (laser)\u00a0\u00bb tab_id=\u00a0\u00bb1681818739375-6b3f1820-cf5b\u00a0\u00bb]<article  class=\"icon-content-box content-box icon-left icon-style-1\"><div class=\"icon-holder\"><span class=\"icon-arrow\"><\/span><\/div><div class=\"text-holder\"><h1 class=\"heading\">Tir aux cl\u00e9s (laser)<\/h1> <p data-font-weight=\"400\">Info et contact :\u00a0<a href=\"http:\/\/www.bullesdair.be\">Bulles d&rsquo;Air<\/a><\/p>\n<\/div><\/article>[vc_gallery interval=\u00a0\u00bb5&Prime; images=\u00a0\u00bb3700&Prime; img_size=\u00a0\u00bb1000&#215;700&Prime; onclick=\u00a0\u00bbimg_link_large\u00a0\u00bb][\/vc_tta_section][vc_tta_section title=\u00a0\u00bbAtelier Cocktails\u00a0\u00bb tab_id=\u00a0\u00bb1681818827554-d4469dcd-a60d\u00a0\u00bb]<article  class=\"icon-content-box content-box icon-left icon-style-1\"><div class=\"icon-holder\"><span class=\"icon-arrow\"><\/span><\/div><div class=\"text-holder\"><h1 class=\"heading\">Challenge Cocktail<\/h1> <p data-font-weight=\"400\">Info et contact :\u00a0<a href=\"http:\/\/www.bullesdair.be\">Bulles d&rsquo;Air<\/a><\/p>\n<\/div><\/article>[vc_gallery interval=\u00a0\u00bb5&Prime; images=\u00a0\u00bb3702&Prime; img_size=\u00a0\u00bb1000&#215;700&Prime; onclick=\u00a0\u00bbimg_link_large\u00a0\u00bb][\/vc_tta_section][vc_tta_section title=\u00a0\u00bbA\u00e9rodrome de Temploux\u00a0\u00bb tab_id=\u00a0\u00bb1681821877129-98762b92-0804&Prime;]<article  class=\"icon-content-box content-box icon-left icon-style-1\"><div class=\"icon-holder\"><span class=\"icon-airport\"><\/span><\/div><div class=\"text-holder\"><h1 class=\"heading\">A\u00e9rodrome de Temploux (12 min.)<\/h1> <p data-font-weight=\"400\">Le Domaine de Mielmont est situ\u00e9 \u00e0 une dizaine de minutes de l\u2019a\u00e9rodrome de Temploux. Pourquoi ne pas profiter de votre s\u00e9jour pour vivre un moment pas comme les autres ! Bapt\u00eame de l\u2019air en avion ou en planeur, chute libre, h\u00e9licopt\u00e8res, drones, tout est possible !\u00a0<a href=\"https:\/\/www.aerodromedenamur.be\/\">https:\/\/www.aerodromedenamur.be\/<\/a><\/p>\n<\/div><\/article>[vc_gallery interval=\u00a0\u00bb5&Prime; images=\u00a0\u00bb3750&Prime; img_size=\u00a0\u00bb1000&#215;700&Prime; onclick=\u00a0\u00bbimg_link_large\u00a0\u00bb][\/vc_tta_section][vc_tta_section title=\u00a0\u00bbTerragame Center\u00a0\u00bb tab_id=\u00a0\u00bb1681822013521-7ec9dcb2-4265&Prime;]<article  class=\"icon-content-box content-box icon-left icon-style-1\"><div class=\"icon-holder\"><span class=\"icon-line-direction-2\"><\/span><\/div><div class=\"text-holder\"><h1 class=\"heading\">Terragame Center (7 min.)<\/h1> <p>Centre d&rsquo;hyper r\u00e9alit\u00e9 virtuelle qui propose des exp\u00e9riences en r\u00e9alit\u00e9 virtuelle se d\u00e9roulant dans un espace de 500m\u00b2 privatis\u00e9 par groupe de 4 \u00e0 6 joueurs.<\/p>\n<p><a href=\"https:\/\/terragamecenter.com\/\" target=\"_blank\" rel=\"noopener\">https:\/\/terragamecenter.com\/<\/a><\/p>\n<\/div><\/article>[vc_gallery interval=\u00a0\u00bb5&Prime; images=\u00a0\u00bb3764&Prime; img_size=\u00a0\u00bb1000&#215;700&Prime; onclick=\u00a0\u00bbimg_link_large\u00a0\u00bb][\/vc_tta_section][vc_tta_section title=\u00a0\u00bbSpecial Mission Team\u00a0\u00bb tab_id=\u00a0\u00bb1681822912690-e78525f1-c96e\u00a0\u00bb]<article  class=\"icon-content-box content-box icon-left icon-style-1\"><div class=\"icon-holder\"><\/div><div class=\"text-holder\"><h1 class=\"heading\">Special Mission Team<\/h1> <div class=\"elementor-element elementor-element-ac095c7 elementor-widget elementor-widget-text-editor\" data-id=\"ac095c7\" data-element_type=\"widget\" data-widget_type=\"text-editor.default\">\n<div class=\"elementor-widget-container\">Special Mission Team est un programme de d\u00e9veloppement d\u2019\u00e9quipe construit par des coachs business professionnels et des membres actifs ou exp\u00e9riment\u00e9s des unit\u00e9s sp\u00e9ciales de la Police F\u00e9d\u00e9rale et de l\u2019arm\u00e9e belge.<\/div>\n<\/div>\n<div class=\"elementor-element elementor-element-106752b elementor-widget elementor-widget-text-editor\" data-id=\"106752b\" data-element_type=\"widget\" data-widget_type=\"text-editor.default\">\n<div class=\"elementor-widget-container\">\n<p>En collaboration avec\u00a0<a href=\"http:\/\/www.skan.be\/\">www.skan.be<\/a>, nous vous emmenons en nature pour une (longue) journ\u00e9e afin de tester votre fonctionnement d\u2019\u00e9quipe.<\/p>\n<\/div>\n<\/div>\n<p><a href=\"https:\/\/specialmissionteam.com\/?lang=fr\">https:\/\/specialmissionteam.com\/?lang=fr<\/a><\/p>\n<\/div><\/article>[vc_gallery interval=\u00a0\u00bb5&Prime; images=\u00a0\u00bb3659&Prime; img_size=\u00a0\u00bb1000&#215;700&Prime; onclick=\u00a0\u00bbimg_link_large\u00a0\u00bb][\/vc_tta_section][\/vc_tta_tour][\/vc_column][\/vc_row][vc_row rt_row_background_width=\u00a0\u00bbfullwidth\u00a0\u00bb rt_row_content_width=\u00a0\u00bbdefault\u00a0\u00bb rt_row_style=\u00a0\u00bblight-style\u00a0\u00bb rt_row_height=\u00a0\u00bb\u00a0\u00bb rt_column_placement=\u00a0\u00bbmiddle\u00a0\u00bb rt_row_borders=\u00a0\u00bb\u00a0\u00bb rt_row_shadows=\u00a0\u00bb\u00a0\u00bb rt_column_gaps=\u00a0\u00bb\u00a0\u00bb rt_row_paddings=\u00a0\u00bbfalse\u00a0\u00bb rt_bg_effect=\u00a0\u00bbclassic\u00a0\u00bb rt_transparent_bg=\u00a0\u00bb\u00a0\u00bb rt_bg_image_repeat=\u00a0\u00bbrepeat\u00a0\u00bb rt_bg_size=\u00a0\u00bbcover\u00a0\u00bb rt_bg_position=\u00a0\u00bbright top\u00a0\u00bb rt_bg_attachment=\u00a0\u00bbscroll\u00a0\u00bb rt_bg_video_format=\u00a0\u00bbself-hosted\u00a0\u00bb][vc_column rt_color_set=\u00a0\u00bblight-style\u00a0\u00bb rt_col_paddings=\u00a0\u00bbtrue\u00a0\u00bb rt_wrp_col_paddings=\u00a0\u00bbfalse\u00a0\u00bb rt_column_shadow=\u00a0\u00bb\u00a0\u00bb rt_border_top=\u00a0\u00bb\u00a0\u00bb rt_border_bottom=\u00a0\u00bb\u00a0\u00bb rt_border_left=\u00a0\u00bb\u00a0\u00bb rt_border_right=\u00a0\u00bb\u00a0\u00bb rt_border_top_mobile=\u00a0\u00bb\u00a0\u00bb rt_border_bottom_mobile=\u00a0\u00bb\u00a0\u00bb rt_border_left_mobile=\u00a0\u00bb\u00a0\u00bb rt_border_right_mobile=\u00a0\u00bb\u00a0\u00bb rt_bg_image_repeat=\u00a0\u00bbrepeat\u00a0\u00bb rt_bg_size=\u00a0\u00bbauto auto\u00a0\u00bb rt_bg_position=\u00a0\u00bbright top\u00a0\u00bb rt_bg_attachment=\u00a0\u00bbscroll\u00a0\u00bb rt_padding_top=\u00a0\u00bb50&Prime; rt_padding_bottom=\u00a0\u00bb50&Prime; rt_padding_left=\u00a0\u00bb15&Prime; rt_padding_right=\u00a0\u00bb15&Prime; rt_bg_color=\u00a0\u00bb\u00a0\u00bb rt_bg_overlay_color=\u00a0\u00bb\u00a0\u00bb]<div class=\"rt_heading_wrapper no-style\">\n\t\t\t\t\t\t<h4 class=\"rt_heading  no-style\" >&#8230; et bien plus encore !<\/h4> \n\t\t\t\t\t<\/div>[vc_separator style=\u00a0\u00bbstyle-2&Prime;][vc_column_text]En manque d&rsquo;id\u00e9es ? Demandez-nous conseil !<\/p>\n\t \n\t\t<div  class=\"bullet-list style-1  column-list column-list-3 check\">\n\t\t<ul><li class=\"first\">Kayak<\/li><li>Tennis<\/li><li class=\"last\">Ballade culinaire<\/li><li class=\"first\">Squash<\/li><li>Parcours aventure<\/li><li class=\"last\">Yoga<\/li><li class=\"first\">Paint Ball<\/li><\/ul>\n\t\t<\/div>\n\t[\/vc_column_text][\/vc_column][\/vc_row]<\/p>\n","protected":false},"excerpt":{"rendered":"<p>[vc_row rt_row_background_width=\u00a0\u00bbfullwidth\u00a0\u00bb rt_row_content_width=\u00a0\u00bbfullwidth\u00a0\u00bb rt_row_style=\u00a0\u00bblight-style\u00a0\u00bb rt_row_height=\u00a0\u00bbmin_height\u00a0\u00bb rt_holder_placement=\u00a0\u00bbbottom\u00a0\u00bb rt_row_borders=\u00a0\u00bb\u00a0\u00bb rt_row_shadows=\u00a0\u00bb\u00a0\u00bb rt_column_gaps=\u00a0\u00bb\u00a0\u00bb rt_row_paddings=\u00a0\u00bbfalse\u00a0\u00bb rt_bg_effect=\u00a0\u00bbparallax\u00a0\u00bb rt_bg_parallax_effect=\u00a0\u00bb3&Prime; rt_transparent_bg=\u00a0\u00bb\u00a0\u00bb rt_bg_image_repeat=\u00a0\u00bbno-repeat\u00a0\u00bb rt_bg_size=\u00a0\u00bbcover\u00a0\u00bb rt_bg_position=\u00a0\u00bbcenter center\u00a0\u00bb rt_bg_video_format=\u00a0\u00bbself-hosted\u00a0\u00bb rt_bg_image=\u00a0\u00bb3503&Prime; rt_min_row_height=\u00a0\u00bb700&Prime;][vc_column width=\u00a0\u00bb1\/2&Prime; rt_col_paddings=\u00a0\u00bbtrue\u00a0\u00bb rt_wrp_col_paddings=\u00a0\u00bbfalse\u00a0\u00bb rt_column_shadow=\u00a0\u00bb\u00a0\u00bb rt_border_top=\u00a0\u00bb\u00a0\u00bb rt_border_bottom=\u00a0\u00bb\u00a0\u00bb rt_border_left=\u00a0\u00bb\u00a0\u00bb rt_border_right=\u00a0\u00bb\u00a0\u00bb rt_border_top_mobile=\u00a0\u00bb\u00a0\u00bb rt_border_bottom_mobile=\u00a0\u00bb\u00a0\u00bb rt_border_left_mobile=\u00a0\u00bb\u00a0\u00bb rt_border_right_mobile=\u00a0\u00bb\u00a0\u00bb rt_bg_image_repeat=\u00a0\u00bbrepeat\u00a0\u00bb rt_bg_size=\u00a0\u00bbauto auto\u00a0\u00bb rt_bg_position=\u00a0\u00bbright top\u00a0\u00bb rt_bg_attachment=\u00a0\u00bbscroll\u00a0\u00bb rt_padding_top=\u00a0\u00bb40&Prime; rt_padding_bottom=\u00a0\u00bb40&Prime; rt_padding_left=\u00a0\u00bb40&Prime; rt_padding_right=\u00a0\u00bb40&Prime; rt_margin_top=\u00a0\u00bb-50&Prime; rt_bg_color=\u00a0\u00bb\u00a0\u00bb rt_bg_overlay_color=\u00a0\u00bb\u00a0\u00bb][\/vc_column][vc_column width=\u00a0\u00bb1\/2&Prime; rt_color_set=\u00a0\u00bbalt-style-1&Prime; rt_col_paddings=\u00a0\u00bbtrue\u00a0\u00bb rt_wrp_col_paddings=\u00a0\u00bbfalse\u00a0\u00bb rt_column_shadow=\u00a0\u00bb\u00a0\u00bb rt_border_top=\u00a0\u00bb\u00a0\u00bb rt_border_bottom=\u00a0\u00bb\u00a0\u00bb rt_border_left=\u00a0\u00bb\u00a0\u00bb rt_border_right=\u00a0\u00bb\u00a0\u00bb rt_border_top_mobile=\u00a0\u00bb\u00a0\u00bb &#8230; <a class=\"more-link\" href=\"https:\/\/www.mielmont.be\/index.php\/activites-sportives-teambuilding\/\">Continue reading<\/a><\/p>\n","protected":false},"author":1,"featured_media":0,"parent":0,"menu_order":0,"comment_status":"closed","ping_status":"closed","template":"","meta":{"footnotes":""},"class_list":["post-3057","page","type-page","status-publish","hentry"],"_links":{"self":[{"href":"https:\/\/www.mielmont.be\/index.php\/wp-json\/wp\/v2\/pages\/3057","targetHints":{"allow":["GET"]}}],"collection":[{"href":"https:\/\/www.mielmont.be\/index.php\/wp-json\/wp\/v2\/pages"}],"about":[{"href":"https:\/\/www.mielmont.be\/index.php\/wp-json\/wp\/v2\/types\/page"}],"author":[{"embeddable":true,"href":"https:\/\/www.mielmont.be\/index.php\/wp-json\/wp\/v2\/users\/1"}],"replies":[{"embeddable":true,"href":"https:\/\/www.mielmont.be\/index.php\/wp-json\/wp\/v2\/comments?post=3057"}],"version-history":[{"count":44,"href":"https:\/\/www.mielmont.be\/index.php\/wp-json\/wp\/v2\/pages\/3057\/revisions"}],"predecessor-version":[{"id":3801,"href":"https:\/\/www.mielmont.be\/index.php\/wp-json\/wp\/v2\/pages\/3057\/revisions\/3801"}],"wp:attachment":[{"href":"https:\/\/www.mielmont.be\/index.php\/wp-json\/wp\/v2\/media?parent=3057"}],"curies":[{"name":"wp","href":"https:\/\/api.w.org\/{rel}","templated":true}]}}